{"id":11996,"date":"2025-08-26T10:51:57","date_gmt":"2025-08-26T07:51:57","guid":{"rendered":"https:\/\/yiacomedshop.com\/product\/%d8%b4%d8%a7%d8%b4%d8%a9-%d8%ac%d9%86%d8%a7%d8%ad-%d9%82%d8%a7%d8%a8%d9%84-%d9%84%d9%84%d8%b7%d9%8a-3-%d8%a3%d9%82%d8%b3%d8%a7%d9%85-%d9%85%d8%b9-%d8%b9%d8%ac%d9%84%d8%a7%d8%aa\/"},"modified":"2026-01-07T12:59:59","modified_gmt":"2026-01-07T09:59:59","slug":"%d8%b4%d8%a7%d8%b4%d8%a9-%d8%ac%d9%86%d8%a7%d8%ad-%d9%82%d8%a7%d8%a8%d9%84-%d9%84%d9%84%d8%b7%d9%8a-3-%d8%a3%d9%82%d8%b3%d8%a7%d9%85-%d9%85%d8%b9-%d8%b9%d8%ac%d9%84%d8%a7%d8%aa","status":"publish","type":"product","link":"https:\/\/yiacomedshop.com\/ar\/product\/%d8%b4%d8%a7%d8%b4%d8%a9-%d8%ac%d9%86%d8%a7%d8%ad-%d9%82%d8%a7%d8%a8%d9%84-%d9%84%d9%84%d8%b7%d9%8a-3-%d8%a3%d9%82%d8%b3%d8%a7%d9%85-%d9%85%d8%b9-%d8%b9%d8%ac%d9%84%d8%a7%d8%aa\/","title":{"rendered":"\u0633\u062a\u0627\u0631\u0629 \u0627\u0644\u0641\u062d\u0635 \u0642\u0627\u0628\u0644 \u0644\u0644\u0637\u064a 3 \u0623\u0642\u0633\u0627\u0645 \u0645\u0639 \u0639\u062c\u0644\u0627\u062a"},"content":{"rendered":"","protected":false},"excerpt":{"rendered":"<ul>\n<li>\u0627\u0644\u0637\u0648\u0644 170 \u0633\u0645.<\/li>\n<li>\u0627\u0644\u0639\u0631\u0636 64 \u00d7 69 \u00d7 69 \u00d7 64 \u0633\u0645.<\/li>\n<li>\u0633\u062a\u0627\u0631\u0629 \u0627\u0644\u0641\u062d\u0635 \u0642\u0627\u0628\u0644 \u0644\u0644\u0637\u064a \u0645\u0646 3 \u0637\u0628\u0642\u0627\u062a.<\/li>\n<\/ul>\n","protected":false},"featured_media":13356,"template":"","meta":[],"pwb-brand":[504],"product_brand":[],"product_cat":[633,621],"product_tag":[],"class_list":{"0":"post-11996","1":"product","2":"type-product","3":"status-publish","4":"has-post-thumbnail","6":"pwb-brand--21-","7":"product_cat-633","8":"product_cat-621","11":"instock","12":"shipping-taxable","13":"purchasable","14":"product-type-simple"},"pure_taxonomies":{"pwb-brand":[{"term_id":504,"name":"\u0623\u0648\u0631\u062b\u0648\u0633 21, \u0627\u0644\u0628\u0631\u062a\u063a\u0627\u0644","slug":"%d8%a3%d9%88%d8%b1%d8%ab%d9%88%d8%b3-21-%d8%a7%d9%84%d8%a8%d8%b1%d8%aa%d8%ba%d8%a7%d9%84","term_group":0,"term_taxonomy_id":504,"taxonomy":"pwb-brand","description":"","parent":0,"count":20,"filter":"raw","image":""}],"product_cat":[{"term_id":633,"name":"\u0627\u0644\u0623\u062b\u0627\u062b","slug":"%d8%a7%d9%84%d8%a3%d8%ab%d8%a7%d8%ab","term_group":0,"term_taxonomy_id":633,"taxonomy":"product_cat","description":"","parent":621,"count":9,"filter":"raw","image":""},{"term_id":621,"name":"\u0627\u0644\u0623\u0633\u0631\u0651\u0629 \u0648\u0627\u0644\u0623\u062b\u0627\u062b","slug":"%d8%a7%d9%84%d8%a3%d8%b3%d8%b1%d9%91%d8%a9-%d9%88%d8%a7%d9%84%d8%a3%d8%ab%d8%a7%d8%ab","term_group":0,"term_taxonomy_id":621,"taxonomy":"product_cat","description":"","parent":0,"count":37,"filter":"raw","image":""}]},"yoast_head":"<!-- This site is optimized with the Yoast SEO plugin v27.5 - https:\/\/yoast.com\/product\/yoast-seo-wordpress\/ -->\n<title>\u0633\u062a\u0627\u0631\u0629 \u0627\u0644\u0641\u062d\u0635 \u0642\u0627\u0628\u0644 \u0644\u0644\u0637\u064a 3 \u0623\u0642\u0633\u0627\u0645 \u0645\u0639 \u0639\u062c\u0644\u0627\u062a - YIACO MEDSHOP<\/title>\n<meta name=\"description\" content=\"\u062a\u0633\u0648\u0642 \u0634\u0627\u0634\u0629 \u0639\u0646\u0628\u0631 3 \u0623\u0642\u0633\u0627\u0645 \u0642\u0627\u0628\u0644\u0629 \u0644\u0644\u0637\u064a \u0628\u0639\u062c\u0644\u0627\u062a \u0645\u0646 \u0645\u062a\u062c\u0631 \u064a\u0627\u0643\u0648 \u0645\u064a\u062f \u0634\u0648\u0628. \u0623\u0641\u0636\u0644 \u0627\u0644\u0623\u0633\u0639\u0627\u0631 \u0648\u0627\u0644\u062a\u0648\u0635\u064a\u0644 \u0627\u0644\u0645\u062c\u0627\u0646\u064a \u0641\u064a \u062c\u0645\u064a\u0639 \u0623\u0646\u062d\u0627\u0621 \u0627\u0644\u0643\u0648\u064a\u062a. \u0627\u0637\u0644\u0628 \u0627\u0644\u0622\u0646!\" \/>\n<meta name=\"robots\" content=\"index, follow, max-snippet:-1, max-image-preview:large, max-video-preview:-1\" \/>\n<link rel=\"canonical\" href=\"https:\/\/yiacomedshop.com\/ar\/product\/\u0634\u0627\u0634\u0629-\u062c\u0646\u0627\u062d-\u0642\u0627\u0628\u0644-\u0644\u0644\u0637\u064a-3-\u0623\u0642\u0633\u0627\u0645-\u0645\u0639-\u0639\u062c\u0644\u0627\u062a\/\" \/>\n<meta property=\"og:locale\" content=\"ar_AR\" \/>\n<meta property=\"og:type\" content=\"article\" \/>\n<meta property=\"og:title\" content=\"\u0633\u062a\u0627\u0631\u0629 \u0627\u0644\u0641\u062d\u0635 \u0642\u0627\u0628\u0644 \u0644\u0644\u0637\u064a 3 \u0623\u0642\u0633\u0627\u0645 \u0645\u0639 \u0639\u062c\u0644\u0627\u062a - YIACO MEDSHOP\" \/>\n<meta property=\"og:description\" content=\"\u062a\u0633\u0648\u0642 \u0634\u0627\u0634\u0629 \u0639\u0646\u0628\u0631 3 \u0623\u0642\u0633\u0627\u0645 \u0642\u0627\u0628\u0644\u0629 \u0644\u0644\u0637\u064a \u0628\u0639\u062c\u0644\u0627\u062a \u0645\u0646 \u0645\u062a\u062c\u0631 \u064a\u0627\u0643\u0648 \u0645\u064a\u062f \u0634\u0648\u0628. \u0623\u0641\u0636\u0644 \u0627\u0644\u0623\u0633\u0639\u0627\u0631 \u0648\u0627\u0644\u062a\u0648\u0635\u064a\u0644 \u0627\u0644\u0645\u062c\u0627\u0646\u064a \u0641\u064a \u062c\u0645\u064a\u0639 \u0623\u0646\u062d\u0627\u0621 \u0627\u0644\u0643\u0648\u064a\u062a. \u0627\u0637\u0644\u0628 \u0627\u0644\u0622\u0646!\" \/>\n<meta property=\"og:url\" content=\"https:\/\/yiacomedshop.com\/ar\/product\/\u0634\u0627\u0634\u0629-\u062c\u0646\u0627\u062d-\u0642\u0627\u0628\u0644-\u0644\u0644\u0637\u064a-3-\u0623\u0642\u0633\u0627\u0645-\u0645\u0639-\u0639\u062c\u0644\u0627\u062a\/\" \/>\n<meta property=\"og:site_name\" content=\"YIACO MEDSHOP\" \/>\n<meta property=\"article:publisher\" content=\"https:\/\/www.facebook.com\/yiacomedshop1953\" \/>\n<meta property=\"article:modified_time\" content=\"2026-01-07T09:59:59+00:00\" \/>\n<meta property=\"og:image\" content=\"https:\/\/yiacomedshop.com\/wp-content\/uploads\/folding-ward-screen-3-section-ward-with-wheels-HCOTS006-orthos.webp\" \/>\n\t<meta property=\"og:image:width\" content=\"600\" \/>\n\t<meta property=\"og:image:height\" content=\"600\" \/>\n\t<meta property=\"og:image:type\" content=\"image\/webp\" \/>\n<meta name=\"twitter:card\" content=\"summary_large_image\" \/>\n<meta name=\"twitter:site\" content=\"@YiacoS\" \/>\n<script type=\"application\/ld+json\" class=\"yoast-schema-graph\">{\"@context\":\"https:\\\/\\\/schema.org\",\"@graph\":[{\"@type\":\"WebPage\",\"@id\":\"https:\\\/\\\/yiacomedshop.com\\\/ar\\\/product\\\/%d8%b4%d8%a7%d8%b4%d8%a9-%d8%ac%d9%86%d8%a7%d8%ad-%d9%82%d8%a7%d8%a8%d9%84-%d9%84%d9%84%d8%b7%d9%8a-3-%d8%a3%d9%82%d8%b3%d8%a7%d9%85-%d9%85%d8%b9-%d8%b9%d8%ac%d9%84%d8%a7%d8%aa\\\/\",\"url\":\"https:\\\/\\\/yiacomedshop.com\\\/ar\\\/product\\\/%d8%b4%d8%a7%d8%b4%d8%a9-%d8%ac%d9%86%d8%a7%d8%ad-%d9%82%d8%a7%d8%a8%d9%84-%d9%84%d9%84%d8%b7%d9%8a-3-%d8%a3%d9%82%d8%b3%d8%a7%d9%85-%d9%85%d8%b9-%d8%b9%d8%ac%d9%84%d8%a7%d8%aa\\\/\",\"name\":\"\u0633\u062a\u0627\u0631\u0629 \u0627\u0644\u0641\u062d\u0635 \u0642\u0627\u0628\u0644 \u0644\u0644\u0637\u064a 3 \u0623\u0642\u0633\u0627\u0645 \u0645\u0639 \u0639\u062c\u0644\u0627\u062a - YIACO MEDSHOP\",\"isPartOf\":{\"@id\":\"https:\\\/\\\/yiacomedshop.com\\\/#website\"},\"primaryImageOfPage\":{\"@id\":\"https:\\\/\\\/yiacomedshop.com\\\/ar\\\/product\\\/%d8%b4%d8%a7%d8%b4%d8%a9-%d8%ac%d9%86%d8%a7%d8%ad-%d9%82%d8%a7%d8%a8%d9%84-%d9%84%d9%84%d8%b7%d9%8a-3-%d8%a3%d9%82%d8%b3%d8%a7%d9%85-%d9%85%d8%b9-%d8%b9%d8%ac%d9%84%d8%a7%d8%aa\\\/#primaryimage\"},\"image\":{\"@id\":\"https:\\\/\\\/yiacomedshop.com\\\/ar\\\/product\\\/%d8%b4%d8%a7%d8%b4%d8%a9-%d8%ac%d9%86%d8%a7%d8%ad-%d9%82%d8%a7%d8%a8%d9%84-%d9%84%d9%84%d8%b7%d9%8a-3-%d8%a3%d9%82%d8%b3%d8%a7%d9%85-%d9%85%d8%b9-%d8%b9%d8%ac%d9%84%d8%a7%d8%aa\\\/#primaryimage\"},\"thumbnailUrl\":\"https:\\\/\\\/yiacomedshop.com\\\/wp-content\\\/uploads\\\/folding-ward-screen-3-section-ward-with-wheels-HCOTS006-orthos.webp\",\"datePublished\":\"2025-08-26T07:51:57+00:00\",\"dateModified\":\"2026-01-07T09:59:59+00:00\",\"description\":\"\u062a\u0633\u0648\u0642 \u0634\u0627\u0634\u0629 \u0639\u0646\u0628\u0631 3 \u0623\u0642\u0633\u0627\u0645 \u0642\u0627\u0628\u0644\u0629 \u0644\u0644\u0637\u064a \u0628\u0639\u062c\u0644\u0627\u062a \u0645\u0646 \u0645\u062a\u062c\u0631 \u064a\u0627\u0643\u0648 \u0645\u064a\u062f \u0634\u0648\u0628. \u0623\u0641\u0636\u0644 \u0627\u0644\u0623\u0633\u0639\u0627\u0631 \u0648\u0627\u0644\u062a\u0648\u0635\u064a\u0644 \u0627\u0644\u0645\u062c\u0627\u0646\u064a \u0641\u064a \u062c\u0645\u064a\u0639 \u0623\u0646\u062d\u0627\u0621 \u0627\u0644\u0643\u0648\u064a\u062a. \u0627\u0637\u0644\u0628 \u0627\u0644\u0622\u0646!\",\"breadcrumb\":{\"@id\":\"https:\\\/\\\/yiacomedshop.com\\\/ar\\\/product\\\/%d8%b4%d8%a7%d8%b4%d8%a9-%d8%ac%d9%86%d8%a7%d8%ad-%d9%82%d8%a7%d8%a8%d9%84-%d9%84%d9%84%d8%b7%d9%8a-3-%d8%a3%d9%82%d8%b3%d8%a7%d9%85-%d9%85%d8%b9-%d8%b9%d8%ac%d9%84%d8%a7%d8%aa\\\/#breadcrumb\"},\"inLanguage\":\"ar\",\"potentialAction\":[{\"@type\":\"ReadAction\",\"target\":[\"https:\\\/\\\/yiacomedshop.com\\\/ar\\\/product\\\/%d8%b4%d8%a7%d8%b4%d8%a9-%d8%ac%d9%86%d8%a7%d8%ad-%d9%82%d8%a7%d8%a8%d9%84-%d9%84%d9%84%d8%b7%d9%8a-3-%d8%a3%d9%82%d8%b3%d8%a7%d9%85-%d9%85%d8%b9-%d8%b9%d8%ac%d9%84%d8%a7%d8%aa\\\/\"]}]},{\"@type\":\"ImageObject\",\"inLanguage\":\"ar\",\"@id\":\"https:\\\/\\\/yiacomedshop.com\\\/ar\\\/product\\\/%d8%b4%d8%a7%d8%b4%d8%a9-%d8%ac%d9%86%d8%a7%d8%ad-%d9%82%d8%a7%d8%a8%d9%84-%d9%84%d9%84%d8%b7%d9%8a-3-%d8%a3%d9%82%d8%b3%d8%a7%d9%85-%d9%85%d8%b9-%d8%b9%d8%ac%d9%84%d8%a7%d8%aa\\\/#primaryimage\",\"url\":\"https:\\\/\\\/yiacomedshop.com\\\/wp-content\\\/uploads\\\/folding-ward-screen-3-section-ward-with-wheels-HCOTS006-orthos.webp\",\"contentUrl\":\"https:\\\/\\\/yiacomedshop.com\\\/wp-content\\\/uploads\\\/folding-ward-screen-3-section-ward-with-wheels-HCOTS006-orthos.webp\",\"width\":600,\"height\":600,\"caption\":\"\u0634\u0627\u0634\u0629 \u0627\u0644\u062c\u0646\u0627\u062d \u0627\u0644\u0642\u0627\u0628\u0644 \u0644\u0644\u0637\u064a\"},{\"@type\":\"BreadcrumbList\",\"@id\":\"https:\\\/\\\/yiacomedshop.com\\\/ar\\\/product\\\/%d8%b4%d8%a7%d8%b4%d8%a9-%d8%ac%d9%86%d8%a7%d8%ad-%d9%82%d8%a7%d8%a8%d9%84-%d9%84%d9%84%d8%b7%d9%8a-3-%d8%a3%d9%82%d8%b3%d8%a7%d9%85-%d9%85%d8%b9-%d8%b9%d8%ac%d9%84%d8%a7%d8%aa\\\/#breadcrumb\",\"itemListElement\":[{\"@type\":\"ListItem\",\"position\":1,\"name\":\"Home\",\"item\":\"https:\\\/\\\/yiacomedshop.com\\\/\"},{\"@type\":\"ListItem\",\"position\":2,\"name\":\"\u0627\u0644\u0633\u0648\u0642\",\"item\":\"https:\\\/\\\/yiacomedshop.com\\\/shop\\\/\"},{\"@type\":\"ListItem\",\"position\":3,\"name\":\"\u0633\u062a\u0627\u0631\u0629 \u0627\u0644\u0641\u062d\u0635 \u0642\u0627\u0628\u0644 \u0644\u0644\u0637\u064a 3 \u0623\u0642\u0633\u0627\u0645 \u0645\u0639 \u0639\u062c\u0644\u0627\u062a\"}]},{\"@type\":\"WebSite\",\"@id\":\"https:\\\/\\\/yiacomedshop.com\\\/#website\",\"url\":\"https:\\\/\\\/yiacomedshop.com\\\/\",\"name\":\"YIACO MEDSHOP\",\"description\":\"Welcome to YIACO Medshop, Kuwait\u2019s trusted online platform for home medical equipment and healthcare products. As part of the esteemed YIACO Medical Company, YIACO Medshop is committed to enhancing the health, independence, and quality of life of our customers.  Our focus is on providing comprehensive solutions tailored to individuals seeking improved mobility, safety, and convenience in their day-to-day lives. We specialize in offering a full range of home medical equipment designed to empower users with access, independence, and confidence in managing their\u00a0health\u00a0at\u00a0home.\",\"publisher\":{\"@id\":\"https:\\\/\\\/yiacomedshop.com\\\/#organization\"},\"potentialAction\":[{\"@type\":\"SearchAction\",\"target\":{\"@type\":\"EntryPoint\",\"urlTemplate\":\"https:\\\/\\\/yiacomedshop.com\\\/?s={search_term_string}\"},\"query-input\":{\"@type\":\"PropertyValueSpecification\",\"valueRequired\":true,\"valueName\":\"search_term_string\"}}],\"inLanguage\":\"ar\"},{\"@type\":\"Organization\",\"@id\":\"https:\\\/\\\/yiacomedshop.com\\\/#organization\",\"name\":\"YIACO MEDSHOP\",\"url\":\"https:\\\/\\\/yiacomedshop.com\\\/\",\"logo\":{\"@type\":\"ImageObject\",\"inLanguage\":\"ar\",\"@id\":\"https:\\\/\\\/yiacomedshop.com\\\/#\\\/schema\\\/logo\\\/image\\\/\",\"url\":\"https:\\\/\\\/yiacomedshop.com\\\/wp-content\\\/uploads\\\/Med-Shop.jpg\",\"contentUrl\":\"https:\\\/\\\/yiacomedshop.com\\\/wp-content\\\/uploads\\\/Med-Shop.jpg\",\"width\":1858,\"height\":712,\"caption\":\"YIACO MEDSHOP\"},\"image\":{\"@id\":\"https:\\\/\\\/yiacomedshop.com\\\/#\\\/schema\\\/logo\\\/image\\\/\"},\"sameAs\":[\"https:\\\/\\\/www.facebook.com\\\/yiacomedshop1953\",\"https:\\\/\\\/x.com\\\/YiacoS\",\"https:\\\/\\\/www.instagram.com\\\/yiaco_med_shop\\\/\"]}]}<\/script>\n<!-- \/ Yoast SEO plugin. -->","yoast_head_json":{"title":"\u0633\u062a\u0627\u0631\u0629 \u0627\u0644\u0641\u062d\u0635 \u0642\u0627\u0628\u0644 \u0644\u0644\u0637\u064a 3 \u0623\u0642\u0633\u0627\u0645 \u0645\u0639 \u0639\u062c\u0644\u0627\u062a - YIACO MEDSHOP","description":"\u062a\u0633\u0648\u0642 \u0634\u0627\u0634\u0629 \u0639\u0646\u0628\u0631 3 \u0623\u0642\u0633\u0627\u0645 \u0642\u0627\u0628\u0644\u0629 \u0644\u0644\u0637\u064a \u0628\u0639\u062c\u0644\u0627\u062a \u0645\u0646 \u0645\u062a\u062c\u0631 \u064a\u0627\u0643\u0648 \u0645\u064a\u062f \u0634\u0648\u0628. \u0623\u0641\u0636\u0644 \u0627\u0644\u0623\u0633\u0639\u0627\u0631 \u0648\u0627\u0644\u062a\u0648\u0635\u064a\u0644 \u0627\u0644\u0645\u062c\u0627\u0646\u064a \u0641\u064a \u062c\u0645\u064a\u0639 \u0623\u0646\u062d\u0627\u0621 \u0627\u0644\u0643\u0648\u064a\u062a. \u0627\u0637\u0644\u0628 \u0627\u0644\u0622\u0646!","robots":{"index":"index","follow":"follow","max-snippet":"max-snippet:-1","max-image-preview":"max-image-preview:large","max-video-preview":"max-video-preview:-1"},"canonical":"https:\/\/yiacomedshop.com\/ar\/product\/\u0634\u0627\u0634\u0629-\u062c\u0646\u0627\u062d-\u0642\u0627\u0628\u0644-\u0644\u0644\u0637\u064a-3-\u0623\u0642\u0633\u0627\u0645-\u0645\u0639-\u0639\u062c\u0644\u0627\u062a\/","og_locale":"ar_AR","og_type":"article","og_title":"\u0633\u062a\u0627\u0631\u0629 \u0627\u0644\u0641\u062d\u0635 \u0642\u0627\u0628\u0644 \u0644\u0644\u0637\u064a 3 \u0623\u0642\u0633\u0627\u0645 \u0645\u0639 \u0639\u062c\u0644\u0627\u062a - YIACO MEDSHOP","og_description":"\u062a\u0633\u0648\u0642 \u0634\u0627\u0634\u0629 \u0639\u0646\u0628\u0631 3 \u0623\u0642\u0633\u0627\u0645 \u0642\u0627\u0628\u0644\u0629 \u0644\u0644\u0637\u064a \u0628\u0639\u062c\u0644\u0627\u062a \u0645\u0646 \u0645\u062a\u062c\u0631 \u064a\u0627\u0643\u0648 \u0645\u064a\u062f \u0634\u0648\u0628. \u0623\u0641\u0636\u0644 \u0627\u0644\u0623\u0633\u0639\u0627\u0631 \u0648\u0627\u0644\u062a\u0648\u0635\u064a\u0644 \u0627\u0644\u0645\u062c\u0627\u0646\u064a \u0641\u064a \u062c\u0645\u064a\u0639 \u0623\u0646\u062d\u0627\u0621 \u0627\u0644\u0643\u0648\u064a\u062a. \u0627\u0637\u0644\u0628 \u0627\u0644\u0622\u0646!","og_url":"https:\/\/yiacomedshop.com\/ar\/product\/\u0634\u0627\u0634\u0629-\u062c\u0646\u0627\u062d-\u0642\u0627\u0628\u0644-\u0644\u0644\u0637\u064a-3-\u0623\u0642\u0633\u0627\u0645-\u0645\u0639-\u0639\u062c\u0644\u0627\u062a\/","og_site_name":"YIACO MEDSHOP","article_publisher":"https:\/\/www.facebook.com\/yiacomedshop1953","article_modified_time":"2026-01-07T09:59:59+00:00","og_image":[{"width":600,"height":600,"url":"https:\/\/yiacomedshop.com\/wp-content\/uploads\/folding-ward-screen-3-section-ward-with-wheels-HCOTS006-orthos.webp","type":"image\/webp"}],"twitter_card":"summary_large_image","twitter_site":"@YiacoS","schema":{"@context":"https:\/\/schema.org","@graph":[{"@type":"WebPage","@id":"https:\/\/yiacomedshop.com\/ar\/product\/%d8%b4%d8%a7%d8%b4%d8%a9-%d8%ac%d9%86%d8%a7%d8%ad-%d9%82%d8%a7%d8%a8%d9%84-%d9%84%d9%84%d8%b7%d9%8a-3-%d8%a3%d9%82%d8%b3%d8%a7%d9%85-%d9%85%d8%b9-%d8%b9%d8%ac%d9%84%d8%a7%d8%aa\/","url":"https:\/\/yiacomedshop.com\/ar\/product\/%d8%b4%d8%a7%d8%b4%d8%a9-%d8%ac%d9%86%d8%a7%d8%ad-%d9%82%d8%a7%d8%a8%d9%84-%d9%84%d9%84%d8%b7%d9%8a-3-%d8%a3%d9%82%d8%b3%d8%a7%d9%85-%d9%85%d8%b9-%d8%b9%d8%ac%d9%84%d8%a7%d8%aa\/","name":"\u0633\u062a\u0627\u0631\u0629 \u0627\u0644\u0641\u062d\u0635 \u0642\u0627\u0628\u0644 \u0644\u0644\u0637\u064a 3 \u0623\u0642\u0633\u0627\u0645 \u0645\u0639 \u0639\u062c\u0644\u0627\u062a - YIACO MEDSHOP","isPartOf":{"@id":"https:\/\/yiacomedshop.com\/#website"},"primaryImageOfPage":{"@id":"https:\/\/yiacomedshop.com\/ar\/product\/%d8%b4%d8%a7%d8%b4%d8%a9-%d8%ac%d9%86%d8%a7%d8%ad-%d9%82%d8%a7%d8%a8%d9%84-%d9%84%d9%84%d8%b7%d9%8a-3-%d8%a3%d9%82%d8%b3%d8%a7%d9%85-%d9%85%d8%b9-%d8%b9%d8%ac%d9%84%d8%a7%d8%aa\/#primaryimage"},"image":{"@id":"https:\/\/yiacomedshop.com\/ar\/product\/%d8%b4%d8%a7%d8%b4%d8%a9-%d8%ac%d9%86%d8%a7%d8%ad-%d9%82%d8%a7%d8%a8%d9%84-%d9%84%d9%84%d8%b7%d9%8a-3-%d8%a3%d9%82%d8%b3%d8%a7%d9%85-%d9%85%d8%b9-%d8%b9%d8%ac%d9%84%d8%a7%d8%aa\/#primaryimage"},"thumbnailUrl":"https:\/\/yiacomedshop.com\/wp-content\/uploads\/folding-ward-screen-3-section-ward-with-wheels-HCOTS006-orthos.webp","datePublished":"2025-08-26T07:51:57+00:00","dateModified":"2026-01-07T09:59:59+00:00","description":"\u062a\u0633\u0648\u0642 \u0634\u0627\u0634\u0629 \u0639\u0646\u0628\u0631 3 \u0623\u0642\u0633\u0627\u0645 \u0642\u0627\u0628\u0644\u0629 \u0644\u0644\u0637\u064a \u0628\u0639\u062c\u0644\u0627\u062a \u0645\u0646 \u0645\u062a\u062c\u0631 \u064a\u0627\u0643\u0648 \u0645\u064a\u062f \u0634\u0648\u0628. \u0623\u0641\u0636\u0644 \u0627\u0644\u0623\u0633\u0639\u0627\u0631 \u0648\u0627\u0644\u062a\u0648\u0635\u064a\u0644 \u0627\u0644\u0645\u062c\u0627\u0646\u064a \u0641\u064a \u062c\u0645\u064a\u0639 \u0623\u0646\u062d\u0627\u0621 \u0627\u0644\u0643\u0648\u064a\u062a. \u0627\u0637\u0644\u0628 \u0627\u0644\u0622\u0646!","breadcrumb":{"@id":"https:\/\/yiacomedshop.com\/ar\/product\/%d8%b4%d8%a7%d8%b4%d8%a9-%d8%ac%d9%86%d8%a7%d8%ad-%d9%82%d8%a7%d8%a8%d9%84-%d9%84%d9%84%d8%b7%d9%8a-3-%d8%a3%d9%82%d8%b3%d8%a7%d9%85-%d9%85%d8%b9-%d8%b9%d8%ac%d9%84%d8%a7%d8%aa\/#breadcrumb"},"inLanguage":"ar","potentialAction":[{"@type":"ReadAction","target":["https:\/\/yiacomedshop.com\/ar\/product\/%d8%b4%d8%a7%d8%b4%d8%a9-%d8%ac%d9%86%d8%a7%d8%ad-%d9%82%d8%a7%d8%a8%d9%84-%d9%84%d9%84%d8%b7%d9%8a-3-%d8%a3%d9%82%d8%b3%d8%a7%d9%85-%d9%85%d8%b9-%d8%b9%d8%ac%d9%84%d8%a7%d8%aa\/"]}]},{"@type":"ImageObject","inLanguage":"ar","@id":"https:\/\/yiacomedshop.com\/ar\/product\/%d8%b4%d8%a7%d8%b4%d8%a9-%d8%ac%d9%86%d8%a7%d8%ad-%d9%82%d8%a7%d8%a8%d9%84-%d9%84%d9%84%d8%b7%d9%8a-3-%d8%a3%d9%82%d8%b3%d8%a7%d9%85-%d9%85%d8%b9-%d8%b9%d8%ac%d9%84%d8%a7%d8%aa\/#primaryimage","url":"https:\/\/yiacomedshop.com\/wp-content\/uploads\/folding-ward-screen-3-section-ward-with-wheels-HCOTS006-orthos.webp","contentUrl":"https:\/\/yiacomedshop.com\/wp-content\/uploads\/folding-ward-screen-3-section-ward-with-wheels-HCOTS006-orthos.webp","width":600,"height":600,"caption":"\u0634\u0627\u0634\u0629 \u0627\u0644\u062c\u0646\u0627\u062d \u0627\u0644\u0642\u0627\u0628\u0644 \u0644\u0644\u0637\u064a"},{"@type":"BreadcrumbList","@id":"https:\/\/yiacomedshop.com\/ar\/product\/%d8%b4%d8%a7%d8%b4%d8%a9-%d8%ac%d9%86%d8%a7%d8%ad-%d9%82%d8%a7%d8%a8%d9%84-%d9%84%d9%84%d8%b7%d9%8a-3-%d8%a3%d9%82%d8%b3%d8%a7%d9%85-%d9%85%d8%b9-%d8%b9%d8%ac%d9%84%d8%a7%d8%aa\/#breadcrumb","itemListElement":[{"@type":"ListItem","position":1,"name":"Home","item":"https:\/\/yiacomedshop.com\/"},{"@type":"ListItem","position":2,"name":"\u0627\u0644\u0633\u0648\u0642","item":"https:\/\/yiacomedshop.com\/shop\/"},{"@type":"ListItem","position":3,"name":"\u0633\u062a\u0627\u0631\u0629 \u0627\u0644\u0641\u062d\u0635 \u0642\u0627\u0628\u0644 \u0644\u0644\u0637\u064a 3 \u0623\u0642\u0633\u0627\u0645 \u0645\u0639 \u0639\u062c\u0644\u0627\u062a"}]},{"@type":"WebSite","@id":"https:\/\/yiacomedshop.com\/#website","url":"https:\/\/yiacomedshop.com\/","name":"YIACO MEDSHOP","description":"Welcome to YIACO Medshop, Kuwait\u2019s trusted online platform for home medical equipment and healthcare products. As part of the esteemed YIACO Medical Company, YIACO Medshop is committed to enhancing the health, independence, and quality of life of our customers.  Our focus is on providing comprehensive solutions tailored to individuals seeking improved mobility, safety, and convenience in their day-to-day lives. We specialize in offering a full range of home medical equipment designed to empower users with access, independence, and confidence in managing their\u00a0health\u00a0at\u00a0home.","publisher":{"@id":"https:\/\/yiacomedshop.com\/#organization"},"potentialAction":[{"@type":"SearchAction","target":{"@type":"EntryPoint","urlTemplate":"https:\/\/yiacomedshop.com\/?s={search_term_string}"},"query-input":{"@type":"PropertyValueSpecification","valueRequired":true,"valueName":"search_term_string"}}],"inLanguage":"ar"},{"@type":"Organization","@id":"https:\/\/yiacomedshop.com\/#organization","name":"YIACO MEDSHOP","url":"https:\/\/yiacomedshop.com\/","logo":{"@type":"ImageObject","inLanguage":"ar","@id":"https:\/\/yiacomedshop.com\/#\/schema\/logo\/image\/","url":"https:\/\/yiacomedshop.com\/wp-content\/uploads\/Med-Shop.jpg","contentUrl":"https:\/\/yiacomedshop.com\/wp-content\/uploads\/Med-Shop.jpg","width":1858,"height":712,"caption":"YIACO MEDSHOP"},"image":{"@id":"https:\/\/yiacomedshop.com\/#\/schema\/logo\/image\/"},"sameAs":["https:\/\/www.facebook.com\/yiacomedshop1953","https:\/\/x.com\/YiacoS","https:\/\/www.instagram.com\/yiaco_med_shop\/"]}]}},"jetpack_sharing_enabled":true,"brands":[{"id":504,"name":"\u0623\u0648\u0631\u062b\u0648\u0633 21, \u0627\u0644\u0628\u0631\u062a\u063a\u0627\u0644","slug":"%d8%a3%d9%88%d8%b1%d8%ab%d9%88%d8%b3-21-%d8%a7%d9%84%d8%a8%d8%b1%d8%aa%d8%ba%d8%a7%d9%84"}],"_links":{"self":[{"href":"https:\/\/yiacomedshop.com\/ar\/wp-json\/wp\/v2\/product\/11996","targetHints":{"allow":["GET"]}}],"collection":[{"href":"https:\/\/yiacomedshop.com\/ar\/wp-json\/wp\/v2\/product"}],"about":[{"href":"https:\/\/yiacomedshop.com\/ar\/wp-json\/wp\/v2\/types\/product"}],"version-history":[{"count":1,"href":"https:\/\/yiacomedshop.com\/ar\/wp-json\/wp\/v2\/product\/11996\/revisions"}],"predecessor-version":[{"id":13358,"href":"https:\/\/yiacomedshop.com\/ar\/wp-json\/wp\/v2\/product\/11996\/revisions\/13358"}],"wp:featuredmedia":[{"embeddable":true,"href":"https:\/\/yiacomedshop.com\/ar\/wp-json\/wp\/v2\/media\/13356"}],"wp:attachment":[{"href":"https:\/\/yiacomedshop.com\/ar\/wp-json\/wp\/v2\/media?parent=11996"}],"wp:term":[{"taxonomy":"pwb-brand","embeddable":true,"href":"https:\/\/yiacomedshop.com\/ar\/wp-json\/wp\/v2\/pwb-brand?post=11996"},{"taxonomy":"product_brand","embeddable":true,"href":"https:\/\/yiacomedshop.com\/ar\/wp-json\/wp\/v2\/product_brand?post=11996"},{"taxonomy":"product_cat","embeddable":true,"href":"https:\/\/yiacomedshop.com\/ar\/wp-json\/wp\/v2\/product_cat?post=11996"},{"taxonomy":"product_tag","embeddable":true,"href":"https:\/\/yiacomedshop.com\/ar\/wp-json\/wp\/v2\/product_tag?post=11996"}],"curies":[{"name":"wp","href":"https:\/\/api.w.org\/{rel}","templated":true}]}}